{"id":16,"date":"2015-10-05T11:25:31","date_gmt":"2015-10-05T09:25:31","guid":{"rendered":"https:\/\/sand-and-blast.com\/?page_id=16"},"modified":"2018-09-26T00:11:46","modified_gmt":"2018-09-25T22:11:46","slug":"metal","status":"publish","type":"page","link":"https:\/\/sand-and-blast.com\/fr\/metal\/","title":{"rendered":"M\u00e9tal"},"content":{"rendered":"<div id=\"pl-16\"  class=\"panel-layout\" ><div id=\"pg-16-0\"  class=\"panel-grid panel-no-style\" ><div id=\"pgc-16-0-0\"  class=\"panel-grid-cell\" ><div id=\"panel-16-0-0-0\" class=\"so-panel widget widget_black-studio-tinymce widget_black_studio_tinymce panel-first-child panel-last-child\" data-index=\"0\" ><div class=\"textwidget\"><h3>Le d\u00e9capage peut \u00eatre utilis\u00e9 pour enlever la vieille peinture et la rouille sur toute sorte d'objet m\u00e9tallique, du radiateur, portail, volets, voitures, tracteurs et machinerie agricole. Il est recommand\u00e9 de repeindre le plus t\u00f4t possible apr\u00e8s le d\u00e9capage, car le m\u00e9tal s'oxyde rapidement.<\/h3>\n<\/div><\/div><\/div><div id=\"pgc-16-0-1\"  class=\"panel-grid-cell\" ><div id=\"panel-16-0-1-0\" class=\"so-panel widget widget_virtue_gallery_widget virtue_gallery_widget panel-first-child panel-last-child\" data-index=\"1\" ><div id=\"kad-wp-gallery206\" class=\"kad-wp-gallery gallery kt-gallery-column-2 init-isotope-intrinsic reinit-isotope kad-light-wp-gallery clearfix rowtight\" data-fade-in=\"1\" data-iso-selector=\".g_item\" data-iso-style=\"masonry\" data-iso-filter=\"false\"><div class=\"tcol-lg-6 tcol-md-6 tcol-sm-6 tcol-xs-12 tcol-ss-12 g_item\"><div class=\"grid_item kt_item_fade_in kad_gallery_fade_in gallery_item\"><a href=\"https:\/\/sand-and-blast.com\/wp-content\/uploads\/2015\/10\/chimney-before.jpg\" data-rel=\"lightbox\" class=\"lightboxhover\"><div class=\"kt-intrinsic\" style=\"padding-bottom:70.43795620438%;\"><div itemprop=\"image\" itemscope itemtype=\"https:\/\/schema.org\/ImageObject\"><img loading=\"lazy\" decoding=\"async\" width=\"274\" height=\"193\" src=\"https:\/\/sand-and-blast.com\/wp-content\/uploads\/2015\/10\/chimney-before.jpg\"   data-caption=\"Before\" class=\"light-dropshaddow\" itemprop=\"contentUrl\" alt=\"\"><meta itemprop=\"url\" content=\"https:\/\/sand-and-blast.com\/wp-content\/uploads\/2015\/10\/chimney-before.jpg\"><meta itemprop=\"width\" content=\"274px\"><meta itemprop=\"height\" content=\"193px\"><\/div><\/div><\/a><\/div><\/div><div class=\"tcol-lg-6 tcol-md-6 tcol-sm-6 tcol-xs-12 tcol-ss-12 g_item\"><div class=\"grid_item kt_item_fade_in kad_gallery_fade_in gallery_item\"><a href=\"https:\/\/sand-and-blast.com\/wp-content\/uploads\/2015\/10\/chimney-after.jpg\" data-rel=\"lightbox\" class=\"lightboxhover\"><div class=\"kt-intrinsic\" style=\"padding-bottom:70.43795620438%;\"><div itemprop=\"image\" itemscope itemtype=\"https:\/\/schema.org\/ImageObject\"><img loading=\"lazy\" decoding=\"async\" width=\"274\" height=\"193\" src=\"https:\/\/sand-and-blast.com\/wp-content\/uploads\/2015\/10\/chimney-after.jpg\"   data-caption=\"After\" class=\"light-dropshaddow\" itemprop=\"contentUrl\" alt=\"\"><meta itemprop=\"url\" content=\"https:\/\/sand-and-blast.com\/wp-content\/uploads\/2015\/10\/chimney-after.jpg\"><meta itemprop=\"width\" content=\"274px\"><meta itemprop=\"height\" content=\"193px\"><\/div><\/div><\/a><\/div><\/div><div class=\"tcol-lg-6 tcol-md-6 tcol-sm-6 tcol-xs-12 tcol-ss-12 g_item\"><div class=\"grid_item kt_item_fade_in kad_gallery_fade_in gallery_item\"><a href=\"https:\/\/sand-and-blast.com\/wp-content\/uploads\/2015\/10\/car-before.jpg\" data-rel=\"lightbox\" class=\"lightboxhover\"><div class=\"kt-intrinsic\" style=\"padding-bottom:57%;\"><div itemprop=\"image\" itemscope itemtype=\"https:\/\/schema.org\/ImageObject\"><img loading=\"lazy\" decoding=\"async\" width=\"300\" height=\"171\" src=\"https:\/\/sand-and-blast.com\/wp-content\/uploads\/2015\/10\/car-before.jpg\" srcset=\"https:\/\/sand-and-blast.com\/wp-content\/uploads\/2015\/10\/car-before.jpg 300w, https:\/\/sand-and-blast.com\/wp-content\/uploads\/2015\/10\/car-before-260x148.jpg 260w\" sizes=\"auto, (max-width: 300px) 100vw, 300px\" data-caption=\"Before\" class=\"light-dropshaddow\" itemprop=\"contentUrl\" alt=\"\"><meta itemprop=\"url\" content=\"https:\/\/sand-and-blast.com\/wp-content\/uploads\/2015\/10\/car-before.jpg\"><meta itemprop=\"width\" content=\"300px\"><meta itemprop=\"height\" content=\"171px\"><\/div><\/div><\/a><\/div><\/div><div class=\"tcol-lg-6 tcol-md-6 tcol-sm-6 tcol-xs-12 tcol-ss-12 g_item\"><div class=\"grid_item kt_item_fade_in kad_gallery_fade_in gallery_item\"><a href=\"https:\/\/sand-and-blast.com\/wp-content\/uploads\/2015\/10\/car-after.jpg\" data-rel=\"lightbox\" class=\"lightboxhover\"><div class=\"kt-intrinsic\" style=\"padding-bottom:57%;\"><div itemprop=\"image\" itemscope itemtype=\"https:\/\/schema.org\/ImageObject\"><img loading=\"lazy\" decoding=\"async\" width=\"300\" height=\"171\" src=\"https:\/\/sand-and-blast.com\/wp-content\/uploads\/2015\/10\/car-after.jpg\"   data-caption=\"After\" class=\"light-dropshaddow\" itemprop=\"contentUrl\" alt=\"\"><meta itemprop=\"url\" content=\"https:\/\/sand-and-blast.com\/wp-content\/uploads\/2015\/10\/car-after.jpg\"><meta itemprop=\"width\" content=\"300px\"><meta itemprop=\"height\" content=\"171px\"><\/div><\/div><\/a><\/div><\/div><div class=\"tcol-lg-6 tcol-md-6 tcol-sm-6 tcol-xs-12 tcol-ss-12 g_item\"><div class=\"grid_item kt_item_fade_in kad_gallery_fade_in gallery_item\"><a href=\"https:\/\/sand-and-blast.com\/wp-content\/uploads\/2016\/05\/13285692_908079089321265_1476147031_n.jpg\" data-rel=\"lightbox\" class=\"lightboxhover\"><div class=\"kt-intrinsic\" style=\"padding-bottom:75%;\"><div itemprop=\"image\" itemscope itemtype=\"https:\/\/schema.org\/ImageObject\"><img loading=\"lazy\" decoding=\"async\" width=\"640\" height=\"480\" src=\"https:\/\/sand-and-blast.com\/wp-content\/uploads\/2016\/05\/13285692_908079089321265_1476147031_n.jpg\" srcset=\"https:\/\/sand-and-blast.com\/wp-content\/uploads\/2016\/05\/13285692_908079089321265_1476147031_n.jpg 640w, https:\/\/sand-and-blast.com\/wp-content\/uploads\/2016\/05\/13285692_908079089321265_1476147031_n-300x225.jpg 300w\" sizes=\"auto, (max-width: 640px) 100vw, 640px\" data-caption=\"Before\" class=\"light-dropshaddow\" itemprop=\"contentUrl\" alt=\"\"><meta itemprop=\"url\" content=\"https:\/\/sand-and-blast.com\/wp-content\/uploads\/2016\/05\/13285692_908079089321265_1476147031_n.jpg\"><meta itemprop=\"width\" content=\"640px\"><meta itemprop=\"height\" content=\"480px\"><\/div><\/div><\/a><\/div><\/div><div class=\"tcol-lg-6 tcol-md-6 tcol-sm-6 tcol-xs-12 tcol-ss-12 g_item\"><div class=\"grid_item kt_item_fade_in kad_gallery_fade_in gallery_item\"><a href=\"https:\/\/sand-and-blast.com\/wp-content\/uploads\/2016\/05\/13295337_908079119321262_726624032_n.jpg\" data-rel=\"lightbox\" class=\"lightboxhover\"><div class=\"kt-intrinsic\" style=\"padding-bottom:75%;\"><div itemprop=\"image\" itemscope itemtype=\"https:\/\/schema.org\/ImageObject\"><img loading=\"lazy\" decoding=\"async\" width=\"640\" height=\"480\" src=\"https:\/\/sand-and-blast.com\/wp-content\/uploads\/2016\/05\/13295337_908079119321262_726624032_n.jpg\" srcset=\"https:\/\/sand-and-blast.com\/wp-content\/uploads\/2016\/05\/13295337_908079119321262_726624032_n.jpg 640w, https:\/\/sand-and-blast.com\/wp-content\/uploads\/2016\/05\/13295337_908079119321262_726624032_n-300x225.jpg 300w\" sizes=\"auto, (max-width: 640px) 100vw, 640px\" data-caption=\"After\" class=\"light-dropshaddow\" itemprop=\"contentUrl\" alt=\"\"><meta itemprop=\"url\" content=\"https:\/\/sand-and-blast.com\/wp-content\/uploads\/2016\/05\/13295337_908079119321262_726624032_n.jpg\"><meta itemprop=\"width\" content=\"640px\"><meta itemprop=\"height\" content=\"480px\"><\/div><\/div><\/a><\/div><\/div><div class=\"tcol-lg-6 tcol-md-6 tcol-sm-6 tcol-xs-12 tcol-ss-12 g_item\"><div class=\"grid_item kt_item_fade_in kad_gallery_fade_in gallery_item\"><a href=\"https:\/\/sand-and-blast.com\/wp-content\/uploads\/2016\/05\/13278135_908078985987942_1392273032_n.jpg\" data-rel=\"lightbox\" class=\"lightboxhover\"><div class=\"kt-intrinsic\" style=\"padding-bottom:75%;\"><div itemprop=\"image\" itemscope itemtype=\"https:\/\/schema.org\/ImageObject\"><img loading=\"lazy\" decoding=\"async\" width=\"640\" height=\"480\" src=\"https:\/\/sand-and-blast.com\/wp-content\/uploads\/2016\/05\/13278135_908078985987942_1392273032_n.jpg\" srcset=\"https:\/\/sand-and-blast.com\/wp-content\/uploads\/2016\/05\/13278135_908078985987942_1392273032_n.jpg 640w, https:\/\/sand-and-blast.com\/wp-content\/uploads\/2016\/05\/13278135_908078985987942_1392273032_n-300x225.jpg 300w\" sizes=\"auto, (max-width: 640px) 100vw, 640px\" data-caption=\"Before\" class=\"light-dropshaddow\" itemprop=\"contentUrl\" alt=\"\"><meta itemprop=\"url\" content=\"https:\/\/sand-and-blast.com\/wp-content\/uploads\/2016\/05\/13278135_908078985987942_1392273032_n.jpg\"><meta itemprop=\"width\" content=\"640px\"><meta itemprop=\"height\" content=\"480px\"><\/div><\/div><\/a><\/div><\/div><div class=\"tcol-lg-6 tcol-md-6 tcol-sm-6 tcol-xs-12 tcol-ss-12 g_item\"><div class=\"grid_item kt_item_fade_in kad_gallery_fade_in gallery_item\"><a href=\"https:\/\/sand-and-blast.com\/wp-content\/uploads\/2016\/05\/13282209_908079032654604_1400868742_n.jpg\" data-rel=\"lightbox\" class=\"lightboxhover\"><div class=\"kt-intrinsic\" style=\"padding-bottom:75%;\"><div itemprop=\"image\" itemscope itemtype=\"https:\/\/schema.org\/ImageObject\"><img loading=\"lazy\" decoding=\"async\" width=\"640\" height=\"480\" src=\"https:\/\/sand-and-blast.com\/wp-content\/uploads\/2016\/05\/13282209_908079032654604_1400868742_n.jpg\" srcset=\"https:\/\/sand-and-blast.com\/wp-content\/uploads\/2016\/05\/13282209_908079032654604_1400868742_n.jpg 640w, https:\/\/sand-and-blast.com\/wp-content\/uploads\/2016\/05\/13282209_908079032654604_1400868742_n-300x225.jpg 300w\" sizes=\"auto, (max-width: 640px) 100vw, 640px\" data-caption=\"After\" class=\"light-dropshaddow\" itemprop=\"contentUrl\" alt=\"\"><meta itemprop=\"url\" content=\"https:\/\/sand-and-blast.com\/wp-content\/uploads\/2016\/05\/13282209_908079032654604_1400868742_n.jpg\"><meta itemprop=\"width\" content=\"640px\"><meta itemprop=\"height\" content=\"480px\"><\/div><\/div><\/a><\/div><\/div><\/div><\/div><\/div><\/div><\/div>","protected":false},"excerpt":{"rendered":"<p>Le d\u00e9capage peut \u00eatre utilis\u00e9 pour enlever la vieille peinture et la rouille sur toute sorte d&rsquo;objet m\u00e9tallique, du radiateur, portail, volets, voitures, tracteurs et machinerie agricole. Il est recommand\u00e9 de repeindre le plus t\u00f4t possible apr\u00e8s le d\u00e9capage, car &hellip; <a class=\"kt-excerpt-readmore\" href=\"https:\/\/sand-and-blast.com\/fr\/metal\/\" aria-label=\"M\u00e9tal\">Lire la suite<\/a><\/p>\n","protected":false},"author":1,"featured_media":62,"parent":0,"menu_order":0,"comment_status":"closed","ping_status":"closed","template":"page-fullwidth.php","meta":{"footnotes":""},"class_list":["post-16","page","type-page","status-publish","has-post-thumbnail","hentry"],"yoast_head":"<!-- This site is optimized with the Yoast SEO plugin v26.5 - https:\/\/yoast.com\/wordpress\/plugins\/seo\/ -->\n<title>M\u00e9tal | SAND AND BLAST<\/title>\n<meta name=\"robots\" content=\"index, follow, max-snippet:-1, max-image-preview:large, max-video-preview:-1\" \/>\n<link rel=\"canonical\" href=\"https:\/\/sand-and-blast.com\/fr\/metal\/\" \/>\n<meta property=\"og:locale\" content=\"fr_FR\" \/>\n<meta property=\"og:type\" content=\"article\" \/>\n<meta property=\"og:title\" content=\"M\u00e9tal | SAND AND BLAST\" \/>\n<meta property=\"og:description\" content=\"Le d\u00e9capage peut \u00eatre utilis\u00e9 pour enlever la vieille peinture et la rouille sur toute sorte d&#039;objet m\u00e9tallique, du radiateur, portail, volets, voitures, tracteurs et machinerie agricole. Il est recommand\u00e9 de repeindre le plus t\u00f4t possible apr\u00e8s le d\u00e9capage, car &hellip; Lire la suite\" \/>\n<meta property=\"og:url\" content=\"https:\/\/sand-and-blast.com\/fr\/metal\/\" \/>\n<meta property=\"og:site_name\" content=\"SAND AND BLAST\" \/>\n<meta property=\"article:publisher\" content=\"https:\/\/www.facebook.com\/sandandblast\" \/>\n<meta property=\"article:modified_time\" content=\"2018-09-25T22:11:46+00:00\" \/>\n<meta property=\"og:image\" content=\"https:\/\/sand-and-blast.com\/wp-content\/uploads\/2015\/10\/car-before.jpg\" \/>\n\t<meta property=\"og:image:width\" content=\"300\" \/>\n\t<meta property=\"og:image:height\" content=\"171\" \/>\n\t<meta property=\"og:image:type\" content=\"image\/jpeg\" \/>\n<meta name=\"twitter:card\" content=\"summary_large_image\" \/>\n<meta name=\"twitter:label1\" content=\"Dur\u00e9e de lecture estim\u00e9e\" \/>\n\t<meta name=\"twitter:data1\" content=\"1 minute\" \/>\n<script type=\"application\/ld+json\" class=\"yoast-schema-graph\">{\"@context\":\"https:\/\/schema.org\",\"@graph\":[{\"@type\":\"WebPage\",\"@id\":\"https:\/\/sand-and-blast.com\/fr\/metal\/\",\"url\":\"https:\/\/sand-and-blast.com\/fr\/metal\/\",\"name\":\"M\u00e9tal | SAND AND BLAST\",\"isPartOf\":{\"@id\":\"https:\/\/sand-and-blast.com\/#website\"},\"primaryImageOfPage\":{\"@id\":\"https:\/\/sand-and-blast.com\/fr\/metal\/#primaryimage\"},\"image\":{\"@id\":\"https:\/\/sand-and-blast.com\/fr\/metal\/#primaryimage\"},\"thumbnailUrl\":\"https:\/\/sand-and-blast.com\/wp-content\/uploads\/2015\/10\/car-before.jpg\",\"datePublished\":\"2015-10-05T09:25:31+00:00\",\"dateModified\":\"2018-09-25T22:11:46+00:00\",\"breadcrumb\":{\"@id\":\"https:\/\/sand-and-blast.com\/fr\/metal\/#breadcrumb\"},\"inLanguage\":\"fr-FR\",\"potentialAction\":[{\"@type\":\"ReadAction\",\"target\":[\"https:\/\/sand-and-blast.com\/fr\/metal\/\"]}]},{\"@type\":\"ImageObject\",\"inLanguage\":\"fr-FR\",\"@id\":\"https:\/\/sand-and-blast.com\/fr\/metal\/#primaryimage\",\"url\":\"https:\/\/sand-and-blast.com\/wp-content\/uploads\/2015\/10\/car-before.jpg\",\"contentUrl\":\"https:\/\/sand-and-blast.com\/wp-content\/uploads\/2015\/10\/car-before.jpg\",\"width\":300,\"height\":171,\"caption\":\"Before\"},{\"@type\":\"BreadcrumbList\",\"@id\":\"https:\/\/sand-and-blast.com\/fr\/metal\/#breadcrumb\",\"itemListElement\":[{\"@type\":\"ListItem\",\"position\":1,\"name\":\"Home\",\"item\":\"https:\/\/sand-and-blast.com\/\"},{\"@type\":\"ListItem\",\"position\":2,\"name\":\"M\u00e9tal\"}]},{\"@type\":\"WebSite\",\"@id\":\"https:\/\/sand-and-blast.com\/#website\",\"url\":\"https:\/\/sand-and-blast.com\/\",\"name\":\"SAND AND BLAST\",\"description\":\"Service de d\u00e9capage professionnel\",\"publisher\":{\"@id\":\"https:\/\/sand-and-blast.com\/#organization\"},\"potentialAction\":[{\"@type\":\"SearchAction\",\"target\":{\"@type\":\"EntryPoint\",\"urlTemplate\":\"https:\/\/sand-and-blast.com\/?s={search_term_string}\"},\"query-input\":{\"@type\":\"PropertyValueSpecification\",\"valueRequired\":true,\"valueName\":\"search_term_string\"}}],\"inLanguage\":\"fr-FR\"},{\"@type\":\"Organization\",\"@id\":\"https:\/\/sand-and-blast.com\/#organization\",\"name\":\"SAND AND BLAST\",\"url\":\"https:\/\/sand-and-blast.com\/\",\"logo\":{\"@type\":\"ImageObject\",\"inLanguage\":\"fr-FR\",\"@id\":\"https:\/\/sand-and-blast.com\/#\/schema\/logo\/image\/\",\"url\":\"https:\/\/sand-and-blast.com\/wp-content\/uploads\/2015\/10\/logo_threshold.jpg\",\"contentUrl\":\"https:\/\/sand-and-blast.com\/wp-content\/uploads\/2015\/10\/logo_threshold.jpg\",\"width\":368,\"height\":368,\"caption\":\"SAND AND BLAST\"},\"image\":{\"@id\":\"https:\/\/sand-and-blast.com\/#\/schema\/logo\/image\/\"},\"sameAs\":[\"https:\/\/www.facebook.com\/sandandblast\"]}]}<\/script>\n<!-- \/ Yoast SEO plugin. -->","yoast_head_json":{"title":"M\u00e9tal | SAND AND BLAST","robots":{"index":"index","follow":"follow","max-snippet":"max-snippet:-1","max-image-preview":"max-image-preview:large","max-video-preview":"max-video-preview:-1"},"canonical":"https:\/\/sand-and-blast.com\/fr\/metal\/","og_locale":"fr_FR","og_type":"article","og_title":"M\u00e9tal | SAND AND BLAST","og_description":"Le d\u00e9capage peut \u00eatre utilis\u00e9 pour enlever la vieille peinture et la rouille sur toute sorte d'objet m\u00e9tallique, du radiateur, portail, volets, voitures, tracteurs et machinerie agricole. Il est recommand\u00e9 de repeindre le plus t\u00f4t possible apr\u00e8s le d\u00e9capage, car &hellip; Lire la suite","og_url":"https:\/\/sand-and-blast.com\/fr\/metal\/","og_site_name":"SAND AND BLAST","article_publisher":"https:\/\/www.facebook.com\/sandandblast","article_modified_time":"2018-09-25T22:11:46+00:00","og_image":[{"width":300,"height":171,"url":"https:\/\/sand-and-blast.com\/wp-content\/uploads\/2015\/10\/car-before.jpg","type":"image\/jpeg"}],"twitter_card":"summary_large_image","twitter_misc":{"Dur\u00e9e de lecture estim\u00e9e":"1 minute"},"schema":{"@context":"https:\/\/schema.org","@graph":[{"@type":"WebPage","@id":"https:\/\/sand-and-blast.com\/fr\/metal\/","url":"https:\/\/sand-and-blast.com\/fr\/metal\/","name":"M\u00e9tal | SAND AND BLAST","isPartOf":{"@id":"https:\/\/sand-and-blast.com\/#website"},"primaryImageOfPage":{"@id":"https:\/\/sand-and-blast.com\/fr\/metal\/#primaryimage"},"image":{"@id":"https:\/\/sand-and-blast.com\/fr\/metal\/#primaryimage"},"thumbnailUrl":"https:\/\/sand-and-blast.com\/wp-content\/uploads\/2015\/10\/car-before.jpg","datePublished":"2015-10-05T09:25:31+00:00","dateModified":"2018-09-25T22:11:46+00:00","breadcrumb":{"@id":"https:\/\/sand-and-blast.com\/fr\/metal\/#breadcrumb"},"inLanguage":"fr-FR","potentialAction":[{"@type":"ReadAction","target":["https:\/\/sand-and-blast.com\/fr\/metal\/"]}]},{"@type":"ImageObject","inLanguage":"fr-FR","@id":"https:\/\/sand-and-blast.com\/fr\/metal\/#primaryimage","url":"https:\/\/sand-and-blast.com\/wp-content\/uploads\/2015\/10\/car-before.jpg","contentUrl":"https:\/\/sand-and-blast.com\/wp-content\/uploads\/2015\/10\/car-before.jpg","width":300,"height":171,"caption":"Before"},{"@type":"BreadcrumbList","@id":"https:\/\/sand-and-blast.com\/fr\/metal\/#breadcrumb","itemListElement":[{"@type":"ListItem","position":1,"name":"Home","item":"https:\/\/sand-and-blast.com\/"},{"@type":"ListItem","position":2,"name":"M\u00e9tal"}]},{"@type":"WebSite","@id":"https:\/\/sand-and-blast.com\/#website","url":"https:\/\/sand-and-blast.com\/","name":"SAND AND BLAST","description":"Service de d\u00e9capage professionnel","publisher":{"@id":"https:\/\/sand-and-blast.com\/#organization"},"potentialAction":[{"@type":"SearchAction","target":{"@type":"EntryPoint","urlTemplate":"https:\/\/sand-and-blast.com\/?s={search_term_string}"},"query-input":{"@type":"PropertyValueSpecification","valueRequired":true,"valueName":"search_term_string"}}],"inLanguage":"fr-FR"},{"@type":"Organization","@id":"https:\/\/sand-and-blast.com\/#organization","name":"SAND AND BLAST","url":"https:\/\/sand-and-blast.com\/","logo":{"@type":"ImageObject","inLanguage":"fr-FR","@id":"https:\/\/sand-and-blast.com\/#\/schema\/logo\/image\/","url":"https:\/\/sand-and-blast.com\/wp-content\/uploads\/2015\/10\/logo_threshold.jpg","contentUrl":"https:\/\/sand-and-blast.com\/wp-content\/uploads\/2015\/10\/logo_threshold.jpg","width":368,"height":368,"caption":"SAND AND BLAST"},"image":{"@id":"https:\/\/sand-and-blast.com\/#\/schema\/logo\/image\/"},"sameAs":["https:\/\/www.facebook.com\/sandandblast"]}]}},"_links":{"self":[{"href":"https:\/\/sand-and-blast.com\/fr\/wp-json\/wp\/v2\/pages\/16","targetHints":{"allow":["GET"]}}],"collection":[{"href":"https:\/\/sand-and-blast.com\/fr\/wp-json\/wp\/v2\/pages"}],"about":[{"href":"https:\/\/sand-and-blast.com\/fr\/wp-json\/wp\/v2\/types\/page"}],"author":[{"embeddable":true,"href":"https:\/\/sand-and-blast.com\/fr\/wp-json\/wp\/v2\/users\/1"}],"replies":[{"embeddable":true,"href":"https:\/\/sand-and-blast.com\/fr\/wp-json\/wp\/v2\/comments?post=16"}],"version-history":[{"count":2,"href":"https:\/\/sand-and-blast.com\/fr\/wp-json\/wp\/v2\/pages\/16\/revisions"}],"predecessor-version":[{"id":232,"href":"https:\/\/sand-and-blast.com\/fr\/wp-json\/wp\/v2\/pages\/16\/revisions\/232"}],"wp:featuredmedia":[{"embeddable":true,"href":"https:\/\/sand-and-blast.com\/fr\/wp-json\/wp\/v2\/media\/62"}],"wp:attachment":[{"href":"https:\/\/sand-and-blast.com\/fr\/wp-json\/wp\/v2\/media?parent=16"}],"curies":[{"name":"wp","href":"https:\/\/api.w.org\/{rel}","templated":true}]}}