{"id":115,"date":"2015-10-05T10:28:51","date_gmt":"2015-10-05T08:28:51","guid":{"rendered":"https:\/\/sand-and-blast.com\/?page_id=4"},"modified":"2020-01-15T21:59:02","modified_gmt":"2020-01-15T20:59:02","slug":"homepage","status":"publish","type":"page","link":"https:\/\/sand-and-blast.com\/fr\/","title":{"rendered":"Accueil"},"content":{"rendered":"<div id=\"pl-115\"  class=\"panel-layout\" ><div id=\"pg-115-0\"  class=\"panel-grid panel-has-style\" ><div class=\"panel-widget-style panel-row-style panel-row-style-for-115-0\" style=\"background-image: url(https:\/\/sand-and-blast.com\/wp-content\/uploads\/2015\/10\/logo_background720.png);background-size: cover;background-position: right bottom;\" ><div id=\"pgc-115-0-0\"  class=\"panel-grid-cell\" ><div id=\"panel-115-0-0-0\" class=\"so-panel widget widget_black-studio-tinymce widget_black_studio_tinymce panel-first-child panel-last-child\" data-index=\"0\" ><div class=\"textwidget\"><h1>Ramenez les surfaces \u00e0 la vie<br \/>en enlevant des ann\u00e9es de crasse et de peinture<\/h1>\n<div class=\"kad-spacer clearfix\" style=\"height:10px\"><\/div>\n<img loading=\"lazy\" decoding=\"async\" src=\"https:\/\/sand-and-blast.com\/wp-content\/uploads\/2015\/10\/FranceFlag.png\" alt=\"FranceFlag\" width=\"150\" height=\"150\" class=\"alignleft size-thumbnail wp-image-120\" \/><\/p>\n<h1>Couvre \u00e0 pr\u00e9sent<br \/>toutes les r\u00e9gions de France<\/h1>\n<div class=\"kad-spacer clearfix\" style=\"height:40px\"><\/div>\n<span style=\"font-size:2em;color:#FFFFFF\">Fixe: <a href=\"tel:+33555763159\">0555 763 159<\/a><\/span><br \/>\n<span style=\"font-size:2em;color:#FFFFFF\">Mobile: <a href=\"tel:+33637528477\">06 37 52 84 77<\/a><\/span><br \/>\n<span style=\"font-size:2em;color:#FFFFFF\">Email: <a href=\"mailto:Bobby@Sand-and-Blast.com\">Bobby@Sand-and-Blast.com<\/a><\/span><br \/>\n<span style=\"font-size:2em;color:#FFFFFF\">Email: <a href=\"mailto:Steve@Sand-and-Blast.com\">Steve@Sand-and-Blast.com<\/a><\/span><\/p>\n<\/div><\/div><\/div><\/div><\/div><div id=\"pg-115-1\"  class=\"panel-grid panel-no-style\" ><div id=\"pgc-115-1-0\"  class=\"panel-grid-cell\" ><div id=\"panel-115-1-0-0\" class=\"so-panel widget widget_black-studio-tinymce widget_black_studio_tinymce panel-first-child panel-last-child\" data-index=\"1\" ><div class=\"textwidget\"><div class=\"su-heading su-heading-style-default su-heading-align-center\" id=\"\" style=\"font-size:32px;margin-bottom:5px\"><div class=\"su-heading-inner\">Galerie de photos<\/div><\/div>\n<\/div><\/div><\/div><\/div><div id=\"pg-115-2\"  class=\"panel-grid panel-no-style\" ><div id=\"pgc-115-2-0\"  class=\"panel-grid-cell\" ><div id=\"panel-115-2-0-0\" class=\"so-panel widget widget_virtue_about_with_image virtue_about_with_image panel-first-child panel-last-child\" data-index=\"2\" ><div class=\"kad_img_upload_widget kt-shape-type-kt-image-shape-standard kt-image-align-center kt-image-widget-widget-2-0-0\"><a href=\"https:\/\/sand-and-blast.com\/stone\/\" target=\"_self\"><div class=\"kt-image-contain kt-image-shadow-none kt-image-shape-standard\"><div class=\"kt-image-inner-contain\"><img loading=\"lazy\" decoding=\"async\" width=\"768\" height=\"512\" src=\"https:\/\/sand-and-blast.com\/wp-content\/uploads\/2018\/09\/stone-768x512.jpg\" class=\"attachment-medium_large size-medium_large\" alt=\"\" srcset=\"https:\/\/sand-and-blast.com\/wp-content\/uploads\/2018\/09\/stone-768x512.jpg 768w, https:\/\/sand-and-blast.com\/wp-content\/uploads\/2018\/09\/stone-300x200.jpg 300w, https:\/\/sand-and-blast.com\/wp-content\/uploads\/2018\/09\/stone-1024x682.jpg 1024w, https:\/\/sand-and-blast.com\/wp-content\/uploads\/2018\/09\/stone-272x182.jpg 272w, https:\/\/sand-and-blast.com\/wp-content\/uploads\/2018\/09\/stone.jpg 1280w\" sizes=\"auto, (max-width: 768px) 100vw, 768px\" \/><\/div><\/div><\/a><div class=\"virtue_image_widget_caption kadence_image_widget_caption\">Pierre<\/div><\/div><\/div><\/div><div id=\"pgc-115-2-1\"  class=\"panel-grid-cell\" ><div id=\"panel-115-2-1-0\" class=\"so-panel widget widget_virtue_about_with_image virtue_about_with_image panel-first-child panel-last-child\" data-index=\"3\" ><div class=\"kad_img_upload_widget kt-shape-type-kt-image-shape-standard kt-image-align-center kt-image-widget-widget-2-1-0\"><a href=\"https:\/\/sand-and-blast.com\/wood\/\" target=\"_self\"><div class=\"kt-image-contain kt-image-shadow-none kt-image-shape-standard\"><div class=\"kt-image-inner-contain\"><img loading=\"lazy\" decoding=\"async\" width=\"768\" height=\"512\" src=\"https:\/\/sand-and-blast.com\/wp-content\/uploads\/2018\/09\/wood-768x512.jpg\" class=\"attachment-medium_large size-medium_large\" alt=\"\" srcset=\"https:\/\/sand-and-blast.com\/wp-content\/uploads\/2018\/09\/wood-768x512.jpg 768w, https:\/\/sand-and-blast.com\/wp-content\/uploads\/2018\/09\/wood-300x200.jpg 300w, https:\/\/sand-and-blast.com\/wp-content\/uploads\/2018\/09\/wood-1024x682.jpg 1024w, https:\/\/sand-and-blast.com\/wp-content\/uploads\/2018\/09\/wood-272x182.jpg 272w, https:\/\/sand-and-blast.com\/wp-content\/uploads\/2018\/09\/wood.jpg 1280w\" sizes=\"auto, (max-width: 768px) 100vw, 768px\" \/><\/div><\/div><\/a><div class=\"virtue_image_widget_caption kadence_image_widget_caption\">Bois<\/div><\/div><\/div><\/div><div id=\"pgc-115-2-2\"  class=\"panel-grid-cell\" ><div id=\"panel-115-2-2-0\" class=\"so-panel widget widget_virtue_about_with_image virtue_about_with_image panel-first-child panel-last-child\" data-index=\"4\" ><div class=\"kad_img_upload_widget kt-shape-type-kt-image-shape-standard kt-image-align-center kt-image-widget-widget-2-2-0\"><a href=\"https:\/\/sand-and-blast.com\/metal\/\" target=\"_self\"><div class=\"kt-image-contain kt-image-shadow-none kt-image-shape-standard\"><div class=\"kt-image-inner-contain\"><img loading=\"lazy\" decoding=\"async\" width=\"768\" height=\"512\" src=\"https:\/\/sand-and-blast.com\/wp-content\/uploads\/2018\/09\/metal-1-768x512.jpg\" class=\"attachment-medium_large size-medium_large\" alt=\"\" srcset=\"https:\/\/sand-and-blast.com\/wp-content\/uploads\/2018\/09\/metal-1-768x512.jpg 768w, https:\/\/sand-and-blast.com\/wp-content\/uploads\/2018\/09\/metal-1-300x200.jpg 300w, https:\/\/sand-and-blast.com\/wp-content\/uploads\/2018\/09\/metal-1-1024x682.jpg 1024w, https:\/\/sand-and-blast.com\/wp-content\/uploads\/2018\/09\/metal-1-272x182.jpg 272w, https:\/\/sand-and-blast.com\/wp-content\/uploads\/2018\/09\/metal-1.jpg 1280w\" sizes=\"auto, (max-width: 768px) 100vw, 768px\" \/><\/div><\/div><\/a><div class=\"virtue_image_widget_caption kadence_image_widget_caption\">M\u00e9tal<\/div><\/div><\/div><\/div><\/div><\/div>","protected":false},"excerpt":{"rendered":"<p>Ramenez les surfaces \u00e0 la vieen enlevant des ann\u00e9es de crasse et de peinture Couvre \u00e0 pr\u00e9senttoutes les r\u00e9gions de France Fixe: 0555 763 159 Mobile: 06 37 52 84 77 Email: Bobby@Sand-and-Blast.com Email: Steve@Sand-and-Blast.com<\/p>\n","protected":false},"author":1,"featured_media":100,"parent":0,"menu_order":0,"comment_status":"closed","ping_status":"closed","template":"page-landing.php","meta":{"footnotes":""},"class_list":["post-115","page","type-page","status-publish","has-post-thumbnail","hentry"],"yoast_head":"<!-- This site is optimized with the Yoast SEO plugin v26.5 - https:\/\/yoast.com\/wordpress\/plugins\/seo\/ -->\n<title>Accueil | SAND AND BLAST<\/title>\n<meta name=\"robots\" content=\"index, follow, max-snippet:-1, max-image-preview:large, max-video-preview:-1\" \/>\n<link rel=\"canonical\" href=\"https:\/\/sand-and-blast.com\/\" \/>\n<meta property=\"og:locale\" content=\"fr_FR\" \/>\n<meta property=\"og:type\" content=\"article\" \/>\n<meta property=\"og:title\" content=\"Accueil | SAND AND BLAST\" \/>\n<meta property=\"og:description\" content=\"Ramenez les surfaces \u00e0 la vieen enlevant des ann\u00e9es de crasse et de peinture Couvre \u00e0 pr\u00e9senttoutes les r\u00e9gions de France Fixe: 0555 763 159 Mobile: 06 37 52 84 77 Email: Bobby@Sand-and-Blast.com Email: Steve@Sand-and-Blast.com\" \/>\n<meta property=\"og:url\" content=\"https:\/\/sand-and-blast.com\/\" \/>\n<meta property=\"og:site_name\" content=\"SAND AND BLAST\" \/>\n<meta property=\"article:publisher\" content=\"https:\/\/www.facebook.com\/sandandblast\" \/>\n<meta property=\"article:modified_time\" content=\"2020-01-15T20:59:02+00:00\" \/>\n<meta property=\"og:image\" content=\"https:\/\/sand-and-blast.com\/wp-content\/uploads\/2015\/10\/12086962_764692176993291_762518327_n.jpg\" \/>\n\t<meta property=\"og:image:width\" content=\"368\" \/>\n\t<meta property=\"og:image:height\" content=\"368\" \/>\n\t<meta property=\"og:image:type\" content=\"image\/jpeg\" \/>\n<meta name=\"twitter:card\" content=\"summary_large_image\" \/>\n<script type=\"application\/ld+json\" class=\"yoast-schema-graph\">{\"@context\":\"https:\/\/schema.org\",\"@graph\":[{\"@type\":\"WebPage\",\"@id\":\"https:\/\/sand-and-blast.com\/\",\"url\":\"https:\/\/sand-and-blast.com\/\",\"name\":\"Accueil | SAND AND BLAST\",\"isPartOf\":{\"@id\":\"https:\/\/sand-and-blast.com\/#website\"},\"primaryImageOfPage\":{\"@id\":\"https:\/\/sand-and-blast.com\/#primaryimage\"},\"image\":{\"@id\":\"https:\/\/sand-and-blast.com\/#primaryimage\"},\"thumbnailUrl\":\"https:\/\/sand-and-blast.com\/wp-content\/uploads\/2015\/10\/12086962_764692176993291_762518327_n.jpg\",\"datePublished\":\"2015-10-05T08:28:51+00:00\",\"dateModified\":\"2020-01-15T20:59:02+00:00\",\"breadcrumb\":{\"@id\":\"https:\/\/sand-and-blast.com\/#breadcrumb\"},\"inLanguage\":\"fr-FR\",\"potentialAction\":[{\"@type\":\"ReadAction\",\"target\":[\"https:\/\/sand-and-blast.com\/\"]}]},{\"@type\":\"ImageObject\",\"inLanguage\":\"fr-FR\",\"@id\":\"https:\/\/sand-and-blast.com\/#primaryimage\",\"url\":\"https:\/\/sand-and-blast.com\/wp-content\/uploads\/2015\/10\/12086962_764692176993291_762518327_n.jpg\",\"contentUrl\":\"https:\/\/sand-and-blast.com\/wp-content\/uploads\/2015\/10\/12086962_764692176993291_762518327_n.jpg\",\"width\":368,\"height\":368},{\"@type\":\"BreadcrumbList\",\"@id\":\"https:\/\/sand-and-blast.com\/#breadcrumb\",\"itemListElement\":[{\"@type\":\"ListItem\",\"position\":1,\"name\":\"Home\",\"item\":\"https:\/\/sand-and-blast.com\/\"},{\"@type\":\"ListItem\",\"position\":2,\"name\":\"Home\"}]},{\"@type\":\"WebSite\",\"@id\":\"https:\/\/sand-and-blast.com\/#website\",\"url\":\"https:\/\/sand-and-blast.com\/\",\"name\":\"SAND AND BLAST\",\"description\":\"Service de d\u00e9capage professionnel\",\"publisher\":{\"@id\":\"https:\/\/sand-and-blast.com\/#organization\"},\"potentialAction\":[{\"@type\":\"SearchAction\",\"target\":{\"@type\":\"EntryPoint\",\"urlTemplate\":\"https:\/\/sand-and-blast.com\/?s={search_term_string}\"},\"query-input\":{\"@type\":\"PropertyValueSpecification\",\"valueRequired\":true,\"valueName\":\"search_term_string\"}}],\"inLanguage\":\"fr-FR\"},{\"@type\":\"Organization\",\"@id\":\"https:\/\/sand-and-blast.com\/#organization\",\"name\":\"SAND AND BLAST\",\"url\":\"https:\/\/sand-and-blast.com\/\",\"logo\":{\"@type\":\"ImageObject\",\"inLanguage\":\"fr-FR\",\"@id\":\"https:\/\/sand-and-blast.com\/#\/schema\/logo\/image\/\",\"url\":\"https:\/\/sand-and-blast.com\/wp-content\/uploads\/2015\/10\/logo_threshold.jpg\",\"contentUrl\":\"https:\/\/sand-and-blast.com\/wp-content\/uploads\/2015\/10\/logo_threshold.jpg\",\"width\":368,\"height\":368,\"caption\":\"SAND AND BLAST\"},\"image\":{\"@id\":\"https:\/\/sand-and-blast.com\/#\/schema\/logo\/image\/\"},\"sameAs\":[\"https:\/\/www.facebook.com\/sandandblast\"]}]}<\/script>\n<!-- \/ Yoast SEO plugin. -->","yoast_head_json":{"title":"Accueil | SAND AND BLAST","robots":{"index":"index","follow":"follow","max-snippet":"max-snippet:-1","max-image-preview":"max-image-preview:large","max-video-preview":"max-video-preview:-1"},"canonical":"https:\/\/sand-and-blast.com\/","og_locale":"fr_FR","og_type":"article","og_title":"Accueil | SAND AND BLAST","og_description":"Ramenez les surfaces \u00e0 la vieen enlevant des ann\u00e9es de crasse et de peinture Couvre \u00e0 pr\u00e9senttoutes les r\u00e9gions de France Fixe: 0555 763 159 Mobile: 06 37 52 84 77 Email: Bobby@Sand-and-Blast.com Email: Steve@Sand-and-Blast.com","og_url":"https:\/\/sand-and-blast.com\/","og_site_name":"SAND AND BLAST","article_publisher":"https:\/\/www.facebook.com\/sandandblast","article_modified_time":"2020-01-15T20:59:02+00:00","og_image":[{"width":368,"height":368,"url":"https:\/\/sand-and-blast.com\/wp-content\/uploads\/2015\/10\/12086962_764692176993291_762518327_n.jpg","type":"image\/jpeg"}],"twitter_card":"summary_large_image","schema":{"@context":"https:\/\/schema.org","@graph":[{"@type":"WebPage","@id":"https:\/\/sand-and-blast.com\/","url":"https:\/\/sand-and-blast.com\/","name":"Accueil | SAND AND BLAST","isPartOf":{"@id":"https:\/\/sand-and-blast.com\/#website"},"primaryImageOfPage":{"@id":"https:\/\/sand-and-blast.com\/#primaryimage"},"image":{"@id":"https:\/\/sand-and-blast.com\/#primaryimage"},"thumbnailUrl":"https:\/\/sand-and-blast.com\/wp-content\/uploads\/2015\/10\/12086962_764692176993291_762518327_n.jpg","datePublished":"2015-10-05T08:28:51+00:00","dateModified":"2020-01-15T20:59:02+00:00","breadcrumb":{"@id":"https:\/\/sand-and-blast.com\/#breadcrumb"},"inLanguage":"fr-FR","potentialAction":[{"@type":"ReadAction","target":["https:\/\/sand-and-blast.com\/"]}]},{"@type":"ImageObject","inLanguage":"fr-FR","@id":"https:\/\/sand-and-blast.com\/#primaryimage","url":"https:\/\/sand-and-blast.com\/wp-content\/uploads\/2015\/10\/12086962_764692176993291_762518327_n.jpg","contentUrl":"https:\/\/sand-and-blast.com\/wp-content\/uploads\/2015\/10\/12086962_764692176993291_762518327_n.jpg","width":368,"height":368},{"@type":"BreadcrumbList","@id":"https:\/\/sand-and-blast.com\/#breadcrumb","itemListElement":[{"@type":"ListItem","position":1,"name":"Home","item":"https:\/\/sand-and-blast.com\/"},{"@type":"ListItem","position":2,"name":"Home"}]},{"@type":"WebSite","@id":"https:\/\/sand-and-blast.com\/#website","url":"https:\/\/sand-and-blast.com\/","name":"SAND AND BLAST","description":"Service de d\u00e9capage professionnel","publisher":{"@id":"https:\/\/sand-and-blast.com\/#organization"},"potentialAction":[{"@type":"SearchAction","target":{"@type":"EntryPoint","urlTemplate":"https:\/\/sand-and-blast.com\/?s={search_term_string}"},"query-input":{"@type":"PropertyValueSpecification","valueRequired":true,"valueName":"search_term_string"}}],"inLanguage":"fr-FR"},{"@type":"Organization","@id":"https:\/\/sand-and-blast.com\/#organization","name":"SAND AND BLAST","url":"https:\/\/sand-and-blast.com\/","logo":{"@type":"ImageObject","inLanguage":"fr-FR","@id":"https:\/\/sand-and-blast.com\/#\/schema\/logo\/image\/","url":"https:\/\/sand-and-blast.com\/wp-content\/uploads\/2015\/10\/logo_threshold.jpg","contentUrl":"https:\/\/sand-and-blast.com\/wp-content\/uploads\/2015\/10\/logo_threshold.jpg","width":368,"height":368,"caption":"SAND AND BLAST"},"image":{"@id":"https:\/\/sand-and-blast.com\/#\/schema\/logo\/image\/"},"sameAs":["https:\/\/www.facebook.com\/sandandblast"]}]}},"_links":{"self":[{"href":"https:\/\/sand-and-blast.com\/fr\/wp-json\/wp\/v2\/pages\/115","targetHints":{"allow":["GET"]}}],"collection":[{"href":"https:\/\/sand-and-blast.com\/fr\/wp-json\/wp\/v2\/pages"}],"about":[{"href":"https:\/\/sand-and-blast.com\/fr\/wp-json\/wp\/v2\/types\/page"}],"author":[{"embeddable":true,"href":"https:\/\/sand-and-blast.com\/fr\/wp-json\/wp\/v2\/users\/1"}],"replies":[{"embeddable":true,"href":"https:\/\/sand-and-blast.com\/fr\/wp-json\/wp\/v2\/comments?post=115"}],"version-history":[{"count":18,"href":"https:\/\/sand-and-blast.com\/fr\/wp-json\/wp\/v2\/pages\/115\/revisions"}],"predecessor-version":[{"id":332,"href":"https:\/\/sand-and-blast.com\/fr\/wp-json\/wp\/v2\/pages\/115\/revisions\/332"}],"wp:featuredmedia":[{"embeddable":true,"href":"https:\/\/sand-and-blast.com\/fr\/wp-json\/wp\/v2\/media\/100"}],"wp:attachment":[{"href":"https:\/\/sand-and-blast.com\/fr\/wp-json\/wp\/v2\/media?parent=115"}],"curies":[{"name":"wp","href":"https:\/\/api.w.org\/{rel}","templated":true}]}}