{"id":10,"date":"2015-10-05T11:22:38","date_gmt":"2015-10-05T09:22:38","guid":{"rendered":"https:\/\/sand-and-blast.com\/?page_id=10"},"modified":"2018-09-26T00:11:39","modified_gmt":"2018-09-25T22:11:39","slug":"about-us","status":"publish","type":"page","link":"https:\/\/sand-and-blast.com\/fr\/about-us\/","title":{"rendered":"\u00c0 Propos"},"content":{"rendered":"<div id=\"pl-10\"  class=\"panel-layout\" ><div id=\"pg-10-0\"  class=\"panel-grid panel-no-style\" ><div id=\"pgc-10-0-0\"  class=\"panel-grid-cell\" ><div id=\"panel-10-0-0-0\" class=\"so-panel widget widget_black-studio-tinymce widget_black_studio_tinymce panel-first-child panel-last-child\" data-index=\"0\" ><div class=\"panel-widget-style panel-widget-style-for-10-0-0-0\" ><div class=\"textwidget\"><h5 style=\"color:#ffffff;\">Sand and Blast op\u00e8re en France depuis 2005. Nous sommes install\u00e9s pr\u00e8s de La Souterraine dans la r\u00e9gion du Limousin, et couvrons g\u00e9n\u00e9ralement toutes les r\u00e9gions de France, dont les d\u00e9partements de la Haute-Vienne, l'Indre et la Creuse. N'h\u00e9sitez pas \u00e0 <a href=\"http:\/\/sand-and-blast.com\/contact\/\">nous contacter<\/a> avec les d\u00e9tails de votre projet et nous vous soumettrons un devis selon ce que nous pouvons pour vous aider.<\/h5>\n<h5>Nous offrons un service de d\u00e9capage op\u00e9rationnel, nous avons les meilleures machines pour ce type de travail, d'une qualit\u00e9 industrielle fournie par <a href=\"http:\/\/www.airblast.co.uk\" target=\"_blank\" style=\"color:#cccccc;\">Airblast UK<\/a> et nous utilisons uniquement le bon support de souffle. M\u00eame si les pratiques id\u00e9ales actuelles nous conseillent l'utilisation de mat\u00e9riaux abrasifs, vous pouvez aussi entendre parler du d\u00e9capage par grenaillage, sableur ou sableur ouvert, qui sont des proc\u00e9d\u00e9s similaires\u00a0; la diff\u00e9rence majeure se situe dans la taille d'outil de dynamitage.<\/h5>\n<h5 style=\"color:#ffffff;\">Depuis 2005, nous avons r\u00e9alis\u00e9 une centaine de projets de d\u00e9capage, variant de portes individuelles au d\u00e9capage de mortier de chaux de maisons enti\u00e8res, un camion benne de 7,5 tonnes \u00e0 une voiture de sport MG et m\u00eame une charrue. Peu importe vos besoins, nous avons l'\u00e9quipement, l'\u00e9quipe et l'expertise.<\/h5>\n<\/div><\/div><\/div><\/div><div id=\"pgc-10-0-1\"  class=\"panel-grid-cell\" ><div id=\"panel-10-0-1-0\" class=\"so-panel widget widget_sow-image panel-first-child panel-last-child\" data-index=\"1\" ><div\n\t\t\t\n\t\t\tclass=\"so-widget-sow-image so-widget-sow-image-default-8b5b6f678277-10\"\n\t\t\t\n\t\t>\n<div class=\"sow-image-container\">\n\t\t<img \n\tsrc=\"https:\/\/sand-and-blast.com\/wp-content\/uploads\/2015\/10\/stone-sandblast.jpg\" width=\"256\" height=\"418\" srcset=\"https:\/\/sand-and-blast.com\/wp-content\/uploads\/2015\/10\/stone-sandblast.jpg 256w, https:\/\/sand-and-blast.com\/wp-content\/uploads\/2015\/10\/stone-sandblast-184x300.jpg 184w\" sizes=\"(max-width: 256px) 100vw, 256px\" alt=\"\" \t\tclass=\"so-widget-image\"\/>\n\t<\/div>\n\n<\/div><\/div><\/div><\/div><\/div>","protected":false},"excerpt":{"rendered":"<p>Sand and Blast op\u00e8re en France depuis 2005. Nous sommes install\u00e9s pr\u00e8s de La Souterraine dans la r\u00e9gion du Limousin, et couvrons g\u00e9n\u00e9ralement toutes les r\u00e9gions de France, dont les d\u00e9partements de la Haute-Vienne, l&rsquo;Indre et la Creuse. N&rsquo;h\u00e9sitez pas &hellip; <a class=\"kt-excerpt-readmore\" href=\"https:\/\/sand-and-blast.com\/fr\/about-us\/\" aria-label=\"\u00c0 Propos\">Lire la suite<\/a><\/p>\n","protected":false},"author":1,"featured_media":0,"parent":0,"menu_order":0,"comment_status":"closed","ping_status":"closed","template":"page-fullwidth.php","meta":{"footnotes":""},"class_list":["post-10","page","type-page","status-publish","hentry"],"yoast_head":"<!-- This site is optimized with the Yoast SEO plugin v26.5 - https:\/\/yoast.com\/wordpress\/plugins\/seo\/ -->\n<title>\u00c0 Propos | SAND AND BLAST<\/title>\n<meta name=\"robots\" content=\"index, follow, max-snippet:-1, max-image-preview:large, max-video-preview:-1\" \/>\n<link rel=\"canonical\" href=\"https:\/\/sand-and-blast.com\/about-us\/\" \/>\n<meta property=\"og:locale\" content=\"fr_FR\" \/>\n<meta property=\"og:type\" content=\"article\" \/>\n<meta property=\"og:title\" content=\"\u00c0 Propos | SAND AND BLAST\" \/>\n<meta property=\"og:description\" content=\"Sand and Blast op\u00e8re en France depuis 2005. Nous sommes install\u00e9s pr\u00e8s de La Souterraine dans la r\u00e9gion du Limousin, et couvrons g\u00e9n\u00e9ralement toutes les r\u00e9gions de France, dont les d\u00e9partements de la Haute-Vienne, l&#039;Indre et la Creuse. N&#039;h\u00e9sitez pas &hellip; Lire la suite\" \/>\n<meta property=\"og:url\" content=\"https:\/\/sand-and-blast.com\/about-us\/\" \/>\n<meta property=\"og:site_name\" content=\"SAND AND BLAST\" \/>\n<meta property=\"article:publisher\" content=\"https:\/\/www.facebook.com\/sandandblast\" \/>\n<meta property=\"article:modified_time\" content=\"2018-09-25T22:11:39+00:00\" \/>\n<meta name=\"twitter:card\" content=\"summary_large_image\" \/>\n<meta name=\"twitter:label1\" content=\"Dur\u00e9e de lecture estim\u00e9e\" \/>\n\t<meta name=\"twitter:data1\" content=\"2 minutes\" \/>\n<script type=\"application\/ld+json\" class=\"yoast-schema-graph\">{\"@context\":\"https:\/\/schema.org\",\"@graph\":[{\"@type\":\"WebPage\",\"@id\":\"https:\/\/sand-and-blast.com\/about-us\/\",\"url\":\"https:\/\/sand-and-blast.com\/about-us\/\",\"name\":\"\u00c0 Propos | SAND AND BLAST\",\"isPartOf\":{\"@id\":\"https:\/\/sand-and-blast.com\/#website\"},\"datePublished\":\"2015-10-05T09:22:38+00:00\",\"dateModified\":\"2018-09-25T22:11:39+00:00\",\"breadcrumb\":{\"@id\":\"https:\/\/sand-and-blast.com\/about-us\/#breadcrumb\"},\"inLanguage\":\"fr-FR\",\"potentialAction\":[{\"@type\":\"ReadAction\",\"target\":[\"https:\/\/sand-and-blast.com\/about-us\/\"]}]},{\"@type\":\"BreadcrumbList\",\"@id\":\"https:\/\/sand-and-blast.com\/about-us\/#breadcrumb\",\"itemListElement\":[{\"@type\":\"ListItem\",\"position\":1,\"name\":\"Home\",\"item\":\"https:\/\/sand-and-blast.com\/\"},{\"@type\":\"ListItem\",\"position\":2,\"name\":\"About Us\"}]},{\"@type\":\"WebSite\",\"@id\":\"https:\/\/sand-and-blast.com\/#website\",\"url\":\"https:\/\/sand-and-blast.com\/\",\"name\":\"SAND AND BLAST\",\"description\":\"Service de d\u00e9capage professionnel\",\"publisher\":{\"@id\":\"https:\/\/sand-and-blast.com\/#organization\"},\"potentialAction\":[{\"@type\":\"SearchAction\",\"target\":{\"@type\":\"EntryPoint\",\"urlTemplate\":\"https:\/\/sand-and-blast.com\/?s={search_term_string}\"},\"query-input\":{\"@type\":\"PropertyValueSpecification\",\"valueRequired\":true,\"valueName\":\"search_term_string\"}}],\"inLanguage\":\"fr-FR\"},{\"@type\":\"Organization\",\"@id\":\"https:\/\/sand-and-blast.com\/#organization\",\"name\":\"SAND AND BLAST\",\"url\":\"https:\/\/sand-and-blast.com\/\",\"logo\":{\"@type\":\"ImageObject\",\"inLanguage\":\"fr-FR\",\"@id\":\"https:\/\/sand-and-blast.com\/#\/schema\/logo\/image\/\",\"url\":\"https:\/\/sand-and-blast.com\/wp-content\/uploads\/2015\/10\/logo_threshold.jpg\",\"contentUrl\":\"https:\/\/sand-and-blast.com\/wp-content\/uploads\/2015\/10\/logo_threshold.jpg\",\"width\":368,\"height\":368,\"caption\":\"SAND AND BLAST\"},\"image\":{\"@id\":\"https:\/\/sand-and-blast.com\/#\/schema\/logo\/image\/\"},\"sameAs\":[\"https:\/\/www.facebook.com\/sandandblast\"]}]}<\/script>\n<!-- \/ Yoast SEO plugin. -->","yoast_head_json":{"title":"\u00c0 Propos | SAND AND BLAST","robots":{"index":"index","follow":"follow","max-snippet":"max-snippet:-1","max-image-preview":"max-image-preview:large","max-video-preview":"max-video-preview:-1"},"canonical":"https:\/\/sand-and-blast.com\/about-us\/","og_locale":"fr_FR","og_type":"article","og_title":"\u00c0 Propos | SAND AND BLAST","og_description":"Sand and Blast op\u00e8re en France depuis 2005. Nous sommes install\u00e9s pr\u00e8s de La Souterraine dans la r\u00e9gion du Limousin, et couvrons g\u00e9n\u00e9ralement toutes les r\u00e9gions de France, dont les d\u00e9partements de la Haute-Vienne, l'Indre et la Creuse. N'h\u00e9sitez pas &hellip; Lire la suite","og_url":"https:\/\/sand-and-blast.com\/about-us\/","og_site_name":"SAND AND BLAST","article_publisher":"https:\/\/www.facebook.com\/sandandblast","article_modified_time":"2018-09-25T22:11:39+00:00","twitter_card":"summary_large_image","twitter_misc":{"Dur\u00e9e de lecture estim\u00e9e":"2 minutes"},"schema":{"@context":"https:\/\/schema.org","@graph":[{"@type":"WebPage","@id":"https:\/\/sand-and-blast.com\/about-us\/","url":"https:\/\/sand-and-blast.com\/about-us\/","name":"\u00c0 Propos | SAND AND BLAST","isPartOf":{"@id":"https:\/\/sand-and-blast.com\/#website"},"datePublished":"2015-10-05T09:22:38+00:00","dateModified":"2018-09-25T22:11:39+00:00","breadcrumb":{"@id":"https:\/\/sand-and-blast.com\/about-us\/#breadcrumb"},"inLanguage":"fr-FR","potentialAction":[{"@type":"ReadAction","target":["https:\/\/sand-and-blast.com\/about-us\/"]}]},{"@type":"BreadcrumbList","@id":"https:\/\/sand-and-blast.com\/about-us\/#breadcrumb","itemListElement":[{"@type":"ListItem","position":1,"name":"Home","item":"https:\/\/sand-and-blast.com\/"},{"@type":"ListItem","position":2,"name":"About Us"}]},{"@type":"WebSite","@id":"https:\/\/sand-and-blast.com\/#website","url":"https:\/\/sand-and-blast.com\/","name":"SAND AND BLAST","description":"Service de d\u00e9capage professionnel","publisher":{"@id":"https:\/\/sand-and-blast.com\/#organization"},"potentialAction":[{"@type":"SearchAction","target":{"@type":"EntryPoint","urlTemplate":"https:\/\/sand-and-blast.com\/?s={search_term_string}"},"query-input":{"@type":"PropertyValueSpecification","valueRequired":true,"valueName":"search_term_string"}}],"inLanguage":"fr-FR"},{"@type":"Organization","@id":"https:\/\/sand-and-blast.com\/#organization","name":"SAND AND BLAST","url":"https:\/\/sand-and-blast.com\/","logo":{"@type":"ImageObject","inLanguage":"fr-FR","@id":"https:\/\/sand-and-blast.com\/#\/schema\/logo\/image\/","url":"https:\/\/sand-and-blast.com\/wp-content\/uploads\/2015\/10\/logo_threshold.jpg","contentUrl":"https:\/\/sand-and-blast.com\/wp-content\/uploads\/2015\/10\/logo_threshold.jpg","width":368,"height":368,"caption":"SAND AND BLAST"},"image":{"@id":"https:\/\/sand-and-blast.com\/#\/schema\/logo\/image\/"},"sameAs":["https:\/\/www.facebook.com\/sandandblast"]}]}},"_links":{"self":[{"href":"https:\/\/sand-and-blast.com\/fr\/wp-json\/wp\/v2\/pages\/10","targetHints":{"allow":["GET"]}}],"collection":[{"href":"https:\/\/sand-and-blast.com\/fr\/wp-json\/wp\/v2\/pages"}],"about":[{"href":"https:\/\/sand-and-blast.com\/fr\/wp-json\/wp\/v2\/types\/page"}],"author":[{"embeddable":true,"href":"https:\/\/sand-and-blast.com\/fr\/wp-json\/wp\/v2\/users\/1"}],"replies":[{"embeddable":true,"href":"https:\/\/sand-and-blast.com\/fr\/wp-json\/wp\/v2\/comments?post=10"}],"version-history":[{"count":2,"href":"https:\/\/sand-and-blast.com\/fr\/wp-json\/wp\/v2\/pages\/10\/revisions"}],"predecessor-version":[{"id":231,"href":"https:\/\/sand-and-blast.com\/fr\/wp-json\/wp\/v2\/pages\/10\/revisions\/231"}],"wp:attachment":[{"href":"https:\/\/sand-and-blast.com\/fr\/wp-json\/wp\/v2\/media?parent=10"}],"curies":[{"name":"wp","href":"https:\/\/api.w.org\/{rel}","templated":true}]}}